{"id":3,"date":"2024-06-27T02:27:48","date_gmt":"2024-06-27T02:27:48","guid":{"rendered":"https:\/\/timelessminute.pt\/?page_id=3"},"modified":"2024-08-25T23:49:55","modified_gmt":"2024-08-25T23:49:55","slug":"rgpd","status":"publish","type":"page","link":"https:\/\/timelessminute.pt\/index.php\/rgpd\/","title":{"rendered":"RGPD"},"content":{"rendered":"\t\t<div data-elementor-type=\"wp-page\" data-elementor-id=\"3\" class=\"elementor elementor-3\">\n\t\t\t\t<div class=\"elementor-element elementor-element-72baf5b3 e-flex e-con-boxed e-con e-parent\" data-id=\"72baf5b3\" data-element_type=\"container\" data-e-type=\"container\">\n\t\t\t\t\t<div class=\"e-con-inner\">\n\t\t\t\t<div class=\"elementor-element elementor-element-c57e7a1 elementor-widget elementor-widget-text-editor\" data-id=\"c57e7a1\" data-element_type=\"widget\" data-e-type=\"widget\" data-widget_type=\"text-editor.default\">\n\t\t\t\t<div class=\"elementor-widget-container\">\n\t\t\t\t\t\t\t\t\t<p><\/p>\n<h2 class=\"wp-block-heading\">RGDP &#8211; Timelessminute<\/h2>\n<div>\u00a0<\/div>\n<p>\u00a0<\/p>\n<p>\u00a0O endere\u00e7o do nosso site \u00a0\u00e9: <strong>https:\/\/timelessminute.pt.<\/strong><\/p>\n<p><strong><span style=\"font-family: var( --e-global-typography-text-font-family ), Sans-serif; text-align: var(--text-align);\">Coment\u00e1rios dos visitantes:\u00a0<\/span><\/strong><\/p>\n<p>Quando os visitantes deixam coment\u00e1rios no site, guardamos \u00a0os dados inseridos no formul\u00e1rio de coment\u00e1rios e tamb\u00e9m o endere\u00e7o IP do visitante e a string do agente do usu\u00e1rio do navegador para ajudar na detec\u00e7\u00e3o de spam.<\/p>\n<p>\u00a0<\/p>\n<p>Uma string an\u00f4nima criada a partir do seu endere\u00e7o de e-mail (tamb\u00e9m chamado de hash) pode ser fornecida ao servi\u00e7o Gravatar para analise. A pol\u00edtica de privacidade do servi\u00e7o Gravatar est\u00e1 dispon\u00edvel em : https:\/\/automattic.com\/privacy\/. Ap\u00f3s a aprova\u00e7\u00e3o do seu coment\u00e1rio, a foto de perfil fica vis\u00edvel ao p\u00fablico no contexto do \u00a0coment\u00e1rio.<\/p>\n<p>\u00a0<\/p>\n<p><strong>M\u00e9dia<\/strong><\/p>\n<p>Ao fazer upload de imagens para o site, evite fazer upload de imagens com dados de localiza\u00e7\u00e3o incorporados (EXIF GPS) inclu\u00eddos. Os visitantes do site podem baixar e extrair quaisquer dados de localiza\u00e7\u00e3o de imagens no site.<\/p>\n<p><strong>Cookies<\/strong><\/p>\n<p>Se \u00a0deixar um coment\u00e1rio no \u00a0nosso site, pode optar por salvar seu nome, endere\u00e7o de e-mail e site em cookies. Estes s\u00e3o para. que \u00a0n\u00e3o tenha que preencher seus dados \u00a0novamente quando deixar outro coment\u00e1rio. Esses cookies v\u00e3o durar um ano.<\/p>\n<p>\u00a0<\/p>\n<p>Se visitar nossa p\u00e1gina de login, definiremos um cookie tempor\u00e1rio para determinar se o seu navegador aceita cookies. Este cookie n\u00e3o cont\u00e9m dados pessoais e \u00e9 apagado quando fechar o navegador.<\/p>\n<p>\u00a0<\/p>\n<p>Quando \u00a0fizer login, tamb\u00e9m configuraremos v\u00e1rios cookies para salvar as suas informa\u00e7\u00f5es de login e suas op\u00e7\u00f5es de exibi\u00e7\u00e3o de tela. Os cookies de login duram dois dias e os cookies de op\u00e7\u00f5es de tela duram um ano. Se selecionar &#8220;Lembrar-se de mim&#8221;, o seu login persistir\u00e1 por duas semanas. Se \u00a0sair da sua conta, os cookies de login ser\u00e3o removidos.<\/p>\n<p>\u00a0<\/p>\n<p>Se editar ou publicar um artigo, um cookie adicional ser\u00e1 salvo no seu navegador. Este cookie n\u00e3o inclui dados pessoais e simplesmente indica o ID da publica\u00e7\u00e3o do artigo que acabou de publicar. Expira ap\u00f3s 1 dia.<\/p>\n<p>\u00a0<\/p>\n<p><strong><span style=\"font-family: var( --e-global-typography-text-font-family ), Sans-serif; text-align: var(--text-align);\">Conte\u00fado incorporado de outros sites<\/span><\/strong><\/p>\n<p>Os artigos neste site podem incluir conte\u00fado incorporado (por exemplo, v\u00eddeos, imagens, artigos, etc.). O conte\u00fado incorporado de outros sites \u00a0comportam-se \u00a0exatamente da mesma maneira como se o visitante tivesse visitado o outro site.<\/p>\n<p>\u00a0<\/p>\n<p>Esses sites podem armazenar \u00a0dados, usar cookies, incorporar rastreamento adicional de terceiros e monitorar sua intera\u00e7\u00e3o com esse conte\u00fado incorporado, incluindo o rastreamento de sua intera\u00e7\u00e3o com o conte\u00fado incorporado, se \u00a0tiver uma conta e estiver ligado a esse site.<\/p>\n<p>\u00a0<\/p>\n<p><strong>Com quem compartilhamos os seu dados:<\/strong><\/p>\n<p>\u00a0Se solicitar uma redefinir \u00a0de senha, o seu endere\u00e7o IP ser\u00e1 inclu\u00eddo no e-mail de redefini\u00e7\u00e3o.<\/p>\n<p>Por quanto tempo retemos seus dados?<\/p>\n<p>\u00a0Se \u00a0deixar um coment\u00e1rio, o coment\u00e1rio e seus metadados s\u00e3o retidos indefinidamente. Isso \u00e9 para que possamos reconhecer e aprovar quaisquer coment\u00e1rios de acompanhamento automaticamente, em vez de mant\u00ea-los em uma fila de modera\u00e7\u00e3o.<\/p>\n<p>\u00a0<\/p>\n<p>Para usu\u00e1rios que se registram em nosso site (se houver), tamb\u00e9m armazenamos as informa\u00e7\u00f5es pessoais que eles fornecem do seu perfil de usu\u00e1rio. Todos os usu\u00e1rios podem ver, editar ou excluir informa\u00e7\u00f5es pessoais a qualquer momento (exceto a altera\u00e7\u00e3o \u00a0seu nome de usu\u00e1rio). Os administradores do site tamb\u00e9m podem ver e editar essas informa\u00e7\u00f5es.<\/p>\n<p>\u00a0<\/p>\n<p><strong>Direitos sobre os \u00a0seus dados?<\/strong><\/p>\n<p>\u00a0Se tem uma conta neste site ou deixou coment\u00e1rios, pode solicitar a exporta\u00e7\u00e3o \u00a0de um arquivo com os dados pessoais que temos em nossa posse, incluindo quaisquer dados que \u00a0nos forneceu. Tamb\u00e9m pode solicitar que sejam eliminados quaisquer dados pessoais que tenhamos registados. Isso n\u00e3o inclui nenhum dado que somos obrigados a manter para fins administrativos, legais ou de seguran\u00e7a.<\/p>\n<p>\u00a0<\/p>\n<p><strong>Para onde os seus dados s\u00e3o enviados<\/strong><\/p>\n<p>Os coment\u00e1rios dos visitantes podem ser verificados por meio de um servi\u00e7o automatizado de detec\u00e7\u00e3o de spam.<\/p>\n<p>\u00a0<\/p>\n<p>INFORMA\u00c7\u00c3O : Poder\u00e1 haver informa\u00e7\u00e3o do RGPD que n\u00e3o estar\u00e1 activo no nosso site.<\/p>\n<p><\/p>\t\t\t\t\t\t\t\t<\/div>\n\t\t\t\t<\/div>\n\t\t\t\t\t<\/div>\n\t\t\t\t<\/div>\n\t\t\t\t<\/div>\n\t\t","protected":false},"excerpt":{"rendered":"<p>RGDP &#8211; Timelessminute \u00a0 \u00a0 \u00a0O endere\u00e7o do nosso site \u00a0\u00e9: https:\/\/timelessminute.pt. Coment\u00e1rios dos visitantes:\u00a0 Quando os visitantes deixam coment\u00e1rios no site, guardamos \u00a0os dados inseridos no formul\u00e1rio de coment\u00e1rios e tamb\u00e9m o endere\u00e7o IP do visitante e a string do agente do usu\u00e1rio do navegador para ajudar na detec\u00e7\u00e3o de spam. \u00a0 Uma string [&hellip;]<\/p>\n","protected":false},"author":1,"featured_media":0,"parent":0,"menu_order":0,"comment_status":"closed","ping_status":"closed","template":"elementor_header_footer","meta":{"footnotes":""},"class_list":["post-3","page","type-page","status-publish","hentry"],"aioseo_notices":[],"_links":{"self":[{"href":"https:\/\/timelessminute.pt\/index.php\/wp-json\/wp\/v2\/pages\/3","targetHints":{"allow":["GET"]}}],"collection":[{"href":"https:\/\/timelessminute.pt\/index.php\/wp-json\/wp\/v2\/pages"}],"about":[{"href":"https:\/\/timelessminute.pt\/index.php\/wp-json\/wp\/v2\/types\/page"}],"author":[{"embeddable":true,"href":"https:\/\/timelessminute.pt\/index.php\/wp-json\/wp\/v2\/users\/1"}],"replies":[{"embeddable":true,"href":"https:\/\/timelessminute.pt\/index.php\/wp-json\/wp\/v2\/comments?post=3"}],"version-history":[{"count":19,"href":"https:\/\/timelessminute.pt\/index.php\/wp-json\/wp\/v2\/pages\/3\/revisions"}],"predecessor-version":[{"id":2832,"href":"https:\/\/timelessminute.pt\/index.php\/wp-json\/wp\/v2\/pages\/3\/revisions\/2832"}],"wp:attachment":[{"href":"https:\/\/timelessminute.pt\/index.php\/wp-json\/wp\/v2\/media?parent=3"}],"curies":[{"name":"wp","href":"https:\/\/api.w.org\/{rel}","templated":true}]}}