{"id":56,"date":"2024-06-28T22:56:48","date_gmt":"2024-06-28T22:56:48","guid":{"rendered":"https:\/\/timelessminute.pt\/?page_id=56"},"modified":"2025-02-08T19:26:15","modified_gmt":"2025-02-08T19:26:15","slug":"a-timelessminute","status":"publish","type":"page","link":"https:\/\/timelessminute.pt\/index.php\/a-timelessminute\/","title":{"rendered":"A Timelessminute"},"content":{"rendered":"\t\t<div data-elementor-type=\"wp-page\" data-elementor-id=\"56\" class=\"elementor elementor-56\">\n\t\t\t\t<div class=\"elementor-element elementor-element-2737495 e-flex e-con-boxed e-con e-parent\" data-id=\"2737495\" data-element_type=\"container\" data-e-type=\"container\">\n\t\t\t\t\t<div class=\"e-con-inner\">\n\t\t\t\t\t<\/div>\n\t\t\t\t<\/div>\n\t\t<div class=\"elementor-element elementor-element-3cb5da63 e-con-full e-flex e-con e-parent\" data-id=\"3cb5da63\" data-element_type=\"container\" data-e-type=\"container\" data-settings=\"{&quot;background_background&quot;:&quot;classic&quot;}\">\n\t\t<div class=\"elementor-element elementor-element-67c2af e-con-full e-flex e-con e-child\" data-id=\"67c2af\" data-element_type=\"container\" data-e-type=\"container\">\n\t\t\t\t<div class=\"elementor-element elementor-element-0869b5f elementor-widget__width-inherit animated-slow elementor-invisible elementor-widget elementor-widget-heading\" data-id=\"0869b5f\" data-element_type=\"widget\" data-e-type=\"widget\" data-settings=\"{&quot;_animation&quot;:&quot;rollIn&quot;,&quot;_animation_delay&quot;:600}\" data-widget_type=\"heading.default\">\n\t\t\t\t<div class=\"elementor-widget-container\">\n\t\t\t\t\t<h2 class=\"elementor-heading-title elementor-size-default\">O QUE NOS UNE \u00c9 INTEMPORAL <\/h2>\t\t\t\t<\/div>\n\t\t\t\t<\/div>\n\t\t<div class=\"elementor-element elementor-element-1047f44 e-con-full e-flex e-con e-child\" data-id=\"1047f44\" data-element_type=\"container\" data-e-type=\"container\" data-settings=\"{&quot;background_background&quot;:&quot;classic&quot;}\">\n\t\t\t\t<div class=\"elementor-element elementor-element-39f5303 elementor-widget elementor-widget-text-editor\" data-id=\"39f5303\" data-element_type=\"widget\" data-e-type=\"widget\" data-widget_type=\"text-editor.default\">\n\t\t\t\t<div class=\"elementor-widget-container\">\n\t\t\t\t\t\t\t\t\t<p><\/p>\n<p><\/p>\n<p><!-- \/wp:list --><\/p>\t\t\t\t\t\t\t\t<\/div>\n\t\t\t\t<\/div>\n\t\t\t\t<div class=\"elementor-element elementor-element-3fa4aec elementor-widget elementor-widget-text-editor\" data-id=\"3fa4aec\" data-element_type=\"widget\" data-e-type=\"widget\" data-widget_type=\"text-editor.default\">\n\t\t\t\t<div class=\"elementor-widget-container\">\n\t\t\t\t\t\t\t\t\t<h4 class=\"has-medium-font-size\">Oferecemos um servi\u00e7o por medida e uma an\u00e1lise criteriosa dos perfis.\u00a0<\/h4>\n<p style=\"text-align: center;\">\u00a0<\/p>\n<p class=\"has-medium-font-size\" style=\"text-align: left;\">Desde a consultoria \u00e0 sele\u00e7\u00e3o, recrutamento e coloca\u00e7\u00e3o de pessoal em projetos chave na m\u00e3o, oferecemos suporte em todas as etapas do processo. N\u00e3o importa o desafio, estamos prontos para dar respostas eficazes e fazer a diferen\u00e7a nas organiza\u00e7\u00f5es.<\/p>\t\t\t\t\t\t\t\t<\/div>\n\t\t\t\t<\/div>\n\t\t\t\t<\/div>\n\t\t\t\t<\/div>\n\t\t\t\t<\/div>\n\t\t<div class=\"elementor-element elementor-element-2bb6297b e-flex e-con-boxed e-con e-parent\" data-id=\"2bb6297b\" data-element_type=\"container\" data-e-type=\"container\" data-settings=\"{&quot;background_background&quot;:&quot;classic&quot;}\">\n\t\t\t\t\t<div class=\"e-con-inner\">\n\t\t<div class=\"elementor-element elementor-element-b1d57cb e-con-full e-flex e-con e-child\" data-id=\"b1d57cb\" data-element_type=\"container\" data-e-type=\"container\">\n\t\t\t\t<div class=\"elementor-element elementor-element-63d39ba2 elementor-widget elementor-widget-heading\" data-id=\"63d39ba2\" data-element_type=\"widget\" data-e-type=\"widget\" data-widget_type=\"heading.default\">\n\t\t\t\t<div class=\"elementor-widget-container\">\n\t\t\t\t\t<h3 class=\"elementor-heading-title elementor-size-default\">\u00c1rea de atua\u00e7\u00e3o <\/h3>\t\t\t\t<\/div>\n\t\t\t\t<\/div>\n\t\t\t\t<div class=\"elementor-element elementor-element-1f2f1d9e elementor-widget elementor-widget-heading\" data-id=\"1f2f1d9e\" data-element_type=\"widget\" data-e-type=\"widget\" data-widget_type=\"heading.default\">\n\t\t\t\t<div class=\"elementor-widget-container\">\n\t\t\t\t\t<span class=\"elementor-heading-title elementor-size-default\">A Timelessminute  centra-se nas \u00e1reas da Constru\u00e7\u00e3o civil e da Hotelaria, garantindo o foco no recrutamento eficaz e um acompanhamento permanente  das equipas<\/span>\t\t\t\t<\/div>\n\t\t\t\t<\/div>\n\t\t\t\t<\/div>\n\t\t<div class=\"elementor-element elementor-element-ca12c23 e-grid e-con-boxed e-con e-child\" data-id=\"ca12c23\" data-element_type=\"container\" data-e-type=\"container\">\n\t\t\t\t\t<div class=\"e-con-inner\">\n\t\t\t\t<div class=\"elementor-element elementor-element-52955f2 elementor-widget elementor-widget-image\" data-id=\"52955f2\" data-element_type=\"widget\" data-e-type=\"widget\" data-widget_type=\"image.default\">\n\t\t\t\t<div class=\"elementor-widget-container\">\n\t\t\t\t\t\t\t\t\t\t\t\t\t\t\t<img fetchpriority=\"high\" decoding=\"async\" width=\"300\" height=\"300\" src=\"https:\/\/timelessminute.pt\/wp-content\/uploads\/2024\/07\/IMG_6203-300x300.webp\" class=\"attachment-medium size-medium wp-image-2556\" alt=\"\" srcset=\"https:\/\/timelessminute.pt\/wp-content\/uploads\/2024\/07\/IMG_6203-300x300.webp 300w, https:\/\/timelessminute.pt\/wp-content\/uploads\/2024\/07\/IMG_6203-150x150.webp 150w, https:\/\/timelessminute.pt\/wp-content\/uploads\/2024\/07\/IMG_6203-768x768.webp 768w, https:\/\/timelessminute.pt\/wp-content\/uploads\/2024\/07\/IMG_6203-600x600.webp 600w, https:\/\/timelessminute.pt\/wp-content\/uploads\/2024\/07\/IMG_6203-100x100.webp 100w, https:\/\/timelessminute.pt\/wp-content\/uploads\/2024\/07\/IMG_6203.webp 1024w\" sizes=\"(max-width: 300px) 100vw, 300px\" \/>\t\t\t\t\t\t\t\t\t\t\t\t\t\t\t<\/div>\n\t\t\t\t<\/div>\n\t\t\t\t<div class=\"elementor-element elementor-element-4df420b elementor-widget-mobile__width-initial elementor-widget elementor-widget-text-editor\" data-id=\"4df420b\" data-element_type=\"widget\" data-e-type=\"widget\" data-widget_type=\"text-editor.default\">\n\t\t\t\t<div class=\"elementor-widget-container\">\n\t\t\t\t\t\t\t\t\t<h1>Consultadoria de RH<\/h1>\n<div>\u00a0<\/div>\n<div>\u00a0<\/div>\n<h5><span style=\"text-align: var(--text-align);\">Oferecemos consultadoria especializada para os desafios do RH , criando estrat\u00e9gias para atrair e desenvolver talentos\u00a0<\/span><\/h5>\n<p>\u00a0<\/p>\t\t\t\t\t\t\t\t<\/div>\n\t\t\t\t<\/div>\n\t\t\t\t<div class=\"elementor-element elementor-element-1cb9a17 elementor-widget elementor-widget-image\" data-id=\"1cb9a17\" data-element_type=\"widget\" data-e-type=\"widget\" data-widget_type=\"image.default\">\n\t\t\t\t<div class=\"elementor-widget-container\">\n\t\t\t\t\t\t\t\t\t\t\t\t\t\t\t<img decoding=\"async\" width=\"300\" height=\"300\" src=\"https:\/\/timelessminute.pt\/wp-content\/uploads\/2024\/07\/5C77C411-289F-473A-BE1D-6BFE0009BE44-300x300.webp\" class=\"attachment-medium size-medium wp-image-2558\" alt=\"\" srcset=\"https:\/\/timelessminute.pt\/wp-content\/uploads\/2024\/07\/5C77C411-289F-473A-BE1D-6BFE0009BE44-300x300.webp 300w, https:\/\/timelessminute.pt\/wp-content\/uploads\/2024\/07\/5C77C411-289F-473A-BE1D-6BFE0009BE44-150x150.webp 150w, https:\/\/timelessminute.pt\/wp-content\/uploads\/2024\/07\/5C77C411-289F-473A-BE1D-6BFE0009BE44-768x768.webp 768w, https:\/\/timelessminute.pt\/wp-content\/uploads\/2024\/07\/5C77C411-289F-473A-BE1D-6BFE0009BE44-600x600.webp 600w, https:\/\/timelessminute.pt\/wp-content\/uploads\/2024\/07\/5C77C411-289F-473A-BE1D-6BFE0009BE44-100x100.webp 100w, https:\/\/timelessminute.pt\/wp-content\/uploads\/2024\/07\/5C77C411-289F-473A-BE1D-6BFE0009BE44.webp 1024w\" sizes=\"(max-width: 300px) 100vw, 300px\" \/>\t\t\t\t\t\t\t\t\t\t\t\t\t\t\t<\/div>\n\t\t\t\t<\/div>\n\t\t\t\t<div class=\"elementor-element elementor-element-c1c1a8b elementor-widget elementor-widget-text-editor\" data-id=\"c1c1a8b\" data-element_type=\"widget\" data-e-type=\"widget\" data-widget_type=\"text-editor.default\">\n\t\t\t\t<div class=\"elementor-widget-container\">\n\t\t\t\t\t\t\t\t\t<h1 style=\"text-align: center;\">Acompanhamento Gest\u00e3o de equipas<\/h1>\n<div>\u00a0<\/div>\n<h5>Garantimos um acompanhamento e gest\u00e3o de acordo com a opera\u00e7\u00e3o de cada Cliente<\/h5>\t\t\t\t\t\t\t\t<\/div>\n\t\t\t\t<\/div>\n\t\t\t\t<div class=\"elementor-element elementor-element-2a5ee02 elementor-widget elementor-widget-image\" data-id=\"2a5ee02\" data-element_type=\"widget\" data-e-type=\"widget\" data-widget_type=\"image.default\">\n\t\t\t\t<div class=\"elementor-widget-container\">\n\t\t\t\t\t\t\t\t\t\t\t\t\t\t\t<img decoding=\"async\" width=\"300\" height=\"300\" src=\"https:\/\/timelessminute.pt\/wp-content\/uploads\/2024\/07\/68D68704-9348-44E6-8E95-F11818ECD92C-300x300.webp\" class=\"attachment-medium size-medium wp-image-2557\" alt=\"\" srcset=\"https:\/\/timelessminute.pt\/wp-content\/uploads\/2024\/07\/68D68704-9348-44E6-8E95-F11818ECD92C-300x300.webp 300w, https:\/\/timelessminute.pt\/wp-content\/uploads\/2024\/07\/68D68704-9348-44E6-8E95-F11818ECD92C-150x150.webp 150w, https:\/\/timelessminute.pt\/wp-content\/uploads\/2024\/07\/68D68704-9348-44E6-8E95-F11818ECD92C-768x768.webp 768w, https:\/\/timelessminute.pt\/wp-content\/uploads\/2024\/07\/68D68704-9348-44E6-8E95-F11818ECD92C-600x600.webp 600w, https:\/\/timelessminute.pt\/wp-content\/uploads\/2024\/07\/68D68704-9348-44E6-8E95-F11818ECD92C-100x100.webp 100w, https:\/\/timelessminute.pt\/wp-content\/uploads\/2024\/07\/68D68704-9348-44E6-8E95-F11818ECD92C.webp 1024w\" sizes=\"(max-width: 300px) 100vw, 300px\" \/>\t\t\t\t\t\t\t\t\t\t\t\t\t\t\t<\/div>\n\t\t\t\t<\/div>\n\t\t\t\t<div class=\"elementor-element elementor-element-7d8185e elementor-widget elementor-widget-text-editor\" data-id=\"7d8185e\" data-element_type=\"widget\" data-e-type=\"widget\" data-widget_type=\"text-editor.default\">\n\t\t\t\t<div class=\"elementor-widget-container\">\n\t\t\t\t\t\t\t\t\t<h1 style=\"text-align: center;\">Sele\u00e7\u00e3o e Recrutamento\u00a0<\/h1>\n<div>\u00a0<\/div>\n<div>\u00a0<span style=\"color: #232837; font-family: 'Plus Jakarta Sans'; font-size: 18px; font-weight: 600; text-align: var(--text-align);\">A nossa equipa simplifica o recrutamento, ligando a sua empresa aos candidatos certos<\/span><\/div>\t\t\t\t\t\t\t\t<\/div>\n\t\t\t\t<\/div>\n\t\t\t\t\t<\/div>\n\t\t\t\t<\/div>\n\t\t\t\t\t<\/div>\n\t\t\t\t<\/div>\n\t\t<div class=\"elementor-element elementor-element-97535c5 e-flex e-con-boxed e-con e-parent\" data-id=\"97535c5\" data-element_type=\"container\" data-e-type=\"container\">\n\t\t\t\t\t<div class=\"e-con-inner\">\n\t\t\t\t<div class=\"elementor-element elementor-element-e6c7a77 elementor-widget elementor-widget-heading\" data-id=\"e6c7a77\" data-element_type=\"widget\" data-e-type=\"widget\" data-widget_type=\"heading.default\">\n\t\t\t\t<div class=\"elementor-widget-container\">\n\t\t\t\t\t<h3 class=\"elementor-heading-title elementor-size-default\">N\u00e3o importa o desafio, estamos prontos para dar respostas eficazes e fazer a diferen\u00e7a nas organiza\u00e7\u00f5es&nbsp;<\/h3>\t\t\t\t<\/div>\n\t\t\t\t<\/div>\n\t\t\t\t<div class=\"elementor-element elementor-element-2fc9918 elementor-widget-mobile__width-auto elementor-widget__width-initial elementor-widget elementor-widget-text-editor\" data-id=\"2fc9918\" data-element_type=\"widget\" data-e-type=\"widget\" data-widget_type=\"text-editor.default\">\n\t\t\t\t<div class=\"elementor-widget-container\">\n\t\t\t\t\t\t\t\t\t<h4 style=\"text-align: left;\">\u00a0<\/h4>\n<ol>\n<li>\n<h5>Entendemos que o mercado se encontra mais inovador e competitivo. Apenas as empresas que se destacam pela sua capacidade de adapta\u00e7\u00e3o conseguem sobreviver e prosperar. Para dar resposta a essa tend\u00eancia \u00e9 a nossa fun\u00e7\u00e3o: criar mecanismo e flexibilidade aos clientes; promover a profissionaliza\u00e7\u00e3o dos colaboradores, possibilitando a cria\u00e7\u00e3o de equipas totalmente adaptadas aos clientes; contribuir para o desenvolvimento e crescimento das carreiras dos colaboradores<\/h5>\n<div>\u00a0<\/div>\n<\/li>\n<li>\n<h5>Sendo cada vez mais importante a reten\u00e7\u00e3o do Capital Humano\/Talentos \u00b4necess\u00e1rio entender e por em pratica uma estrat\u00e9gia adequada, um \u00edndice alto de reten\u00e7\u00e3o de capital \u00a0humano aumenta o sucesso das empresas \u00a0porque \u00a0\u00e9 o Capital Humano\/Talentos que s\u00e3o os maiores respons\u00e1veis pelo crescimento da mesma\u00a0<\/h5>\n<div>\u00a0<\/div>\n<\/li>\n<li>\n<h5>Cada vez mais \u00e9 importante existir recursos humanos capazes de fazer a diferen\u00e7a nas organiza\u00e7\u00f5es e de dar respostas eficazes aos desafios que lhes s\u00e3o colocados no exerc\u00edcio das suas fun\u00e7\u00f5es<\/h5>\n<\/li>\n<\/ol>\t\t\t\t\t\t\t\t<\/div>\n\t\t\t\t<\/div>\n\t\t\t\t\t<\/div>\n\t\t\t\t<\/div>\n\t\t<div class=\"elementor-element elementor-element-bf5b417 e-con-full e-flex e-con e-parent\" data-id=\"bf5b417\" data-element_type=\"container\" data-e-type=\"container\" data-settings=\"{&quot;background_background&quot;:&quot;classic&quot;}\">\n\t\t<div class=\"elementor-element elementor-element-0e74053 e-con-full e-flex e-con e-child\" data-id=\"0e74053\" data-element_type=\"container\" data-e-type=\"container\">\n\t\t\t\t<div class=\"elementor-element elementor-element-484b8eed elementor-widget elementor-widget-heading\" data-id=\"484b8eed\" data-element_type=\"widget\" data-e-type=\"widget\" data-widget_type=\"heading.default\">\n\t\t\t\t<div class=\"elementor-widget-container\">\n\t\t\t\t\t<h4 class=\"elementor-heading-title elementor-size-default\">Uma equipa unida e valorizada rema para o mesmo lado<\/h4>\t\t\t\t<\/div>\n\t\t\t\t<\/div>\n\t\t\t\t<\/div>\n\t\t\t\t<div class=\"elementor-element elementor-element-cc5d990 elementor-widget elementor-widget-image\" data-id=\"cc5d990\" data-element_type=\"widget\" data-e-type=\"widget\" data-widget_type=\"image.default\">\n\t\t\t\t<div class=\"elementor-widget-container\">\n\t\t\t\t\t\t\t\t\t\t\t\t\t\t\t<img loading=\"lazy\" decoding=\"async\" width=\"640\" height=\"297\" src=\"https:\/\/timelessminute.pt\/wp-content\/uploads\/2024\/07\/Captura-de-ecra-2024-07-01-as-19.52.58-768x356.png\" class=\"attachment-medium_large size-medium_large wp-image-2527\" alt=\"\" srcset=\"https:\/\/timelessminute.pt\/wp-content\/uploads\/2024\/07\/Captura-de-ecra-2024-07-01-as-19.52.58-768x356.png 768w, https:\/\/timelessminute.pt\/wp-content\/uploads\/2024\/07\/Captura-de-ecra-2024-07-01-as-19.52.58-300x139.png 300w, https:\/\/timelessminute.pt\/wp-content\/uploads\/2024\/07\/Captura-de-ecra-2024-07-01-as-19.52.58-1024x474.png 1024w, https:\/\/timelessminute.pt\/wp-content\/uploads\/2024\/07\/Captura-de-ecra-2024-07-01-as-19.52.58-1536x711.png 1536w, https:\/\/timelessminute.pt\/wp-content\/uploads\/2024\/07\/Captura-de-ecra-2024-07-01-as-19.52.58-600x278.png 600w, https:\/\/timelessminute.pt\/wp-content\/uploads\/2024\/07\/Captura-de-ecra-2024-07-01-as-19.52.58.png 1918w\" sizes=\"(max-width: 640px) 100vw, 640px\" \/>\t\t\t\t\t\t\t\t\t\t\t\t\t\t\t<\/div>\n\t\t\t\t<\/div>\n\t\t\t\t<div class=\"elementor-element elementor-element-6b0ef27b elementor-widget elementor-widget-text-editor\" data-id=\"6b0ef27b\" data-element_type=\"widget\" data-e-type=\"widget\" data-widget_type=\"text-editor.default\">\n\t\t\t\t<div class=\"elementor-widget-container\">\n\t\t\t\t\t\t\t\t\t<h2>Os nosso principio \u00e9 \u00a0 a valoriza\u00e7\u00e3o do capital humano\u00a0<\/h2>\t\t\t\t\t\t\t\t<\/div>\n\t\t\t\t<\/div>\n\t\t\t\t<div class=\"elementor-element elementor-element-1272430 elementor-widget__width-initial elementor-widget elementor-widget-text-editor\" data-id=\"1272430\" data-element_type=\"widget\" data-e-type=\"widget\" data-widget_type=\"text-editor.default\">\n\t\t\t\t<div class=\"elementor-widget-container\">\n\t\t\t\t\t\t\t\t\t<h2>Quer saber mais informa\u00e7\u00e3o?\u00a0<\/h2>\t\t\t\t\t\t\t\t<\/div>\n\t\t\t\t<\/div>\n\t\t\t\t<div class=\"elementor-element elementor-element-48cccb0 elementor-widget__width-initial elementor-widget elementor-widget-wpforms\" data-id=\"48cccb0\" data-element_type=\"widget\" data-e-type=\"widget\" data-widget_type=\"wpforms.default\">\n\t\t\t\t<div class=\"elementor-widget-container\">\n\t\t\t\t\t<style id=\"wpforms-css-vars-elementor-widget-48cccb0\">\n\t\t\t\t.elementor-widget-wpforms.elementor-element-48cccb0 {\n\t\t\t\t--wpforms-field-size-input-height: 43px;\n--wpforms-field-size-input-spacing: 15px;\n--wpforms-field-size-font-size: 16px;\n--wpforms-field-size-line-height: 19px;\n--wpforms-field-size-padding-h: 14px;\n--wpforms-field-size-checkbox-size: 16px;\n--wpforms-field-size-sublabel-spacing: 5px;\n--wpforms-field-size-icon-size: 1;\n--wpforms-label-size-font-size: 16px;\n--wpforms-label-size-line-height: 19px;\n--wpforms-label-size-sublabel-font-size: 14px;\n--wpforms-label-size-sublabel-line-height: 17px;\n--wpforms-button-size-font-size: 17px;\n--wpforms-button-size-height: 41px;\n--wpforms-button-size-padding-h: 15px;\n--wpforms-button-size-margin-top: 10px;\n\n\t\t\t}\n\t\t\t<\/style><div class=\"wpforms-container wpforms-container-full wpforms-render-modern\" id=\"wpforms-2568\"><form id=\"wpforms-form-2568\" class=\"wpforms-validate wpforms-form wpforms-ajax-form\" data-formid=\"2568\" method=\"post\" enctype=\"multipart\/form-data\" action=\"\/index.php\/wp-json\/wp\/v2\/pages\/56\" data-token=\"926c1ef1d27659f01dd0957745e1424c\" data-token-time=\"1777503097\"><noscript class=\"wpforms-error-noscript\">Please enable JavaScript in your browser to complete this form.<\/noscript><div class=\"wpforms-hidden\" id=\"wpforms-error-noscript\">Please enable JavaScript in your browser to complete this form.<\/div><div class=\"wpforms-field-container\"><div id=\"wpforms-2568-field_0-container\" class=\"wpforms-field wpforms-field-name\" data-field-id=\"0\"><label class=\"wpforms-field-label\" for=\"wpforms-2568-field_0\">Nome <span class=\"wpforms-required-label\" aria-hidden=\"true\">*<\/span><\/label><input type=\"text\" id=\"wpforms-2568-field_0\" class=\"wpforms-field-medium wpforms-field-required\" name=\"wpforms[fields][0]\" aria-errormessage=\"wpforms-2568-field_0-error\" required><\/div><div id=\"wpforms-2568-field_1-container\" class=\"wpforms-field wpforms-field-email\" data-field-id=\"1\"><label class=\"wpforms-field-label\" for=\"wpforms-2568-field_1\">E-MAIL <span class=\"wpforms-required-label\" aria-hidden=\"true\">*<\/span><\/label><input type=\"email\" id=\"wpforms-2568-field_1\" class=\"wpforms-field-medium wpforms-field-required\" name=\"wpforms[fields][1]\" spellcheck=\"false\" aria-errormessage=\"wpforms-2568-field_1-error\" required><\/div><div id=\"wpforms-2568-field_2-container\" class=\"wpforms-field wpforms-field-textarea\" data-field-id=\"2\"><label class=\"wpforms-field-label\" for=\"wpforms-2568-field_2\">Mensagem<\/label><textarea id=\"wpforms-2568-field_2\" class=\"wpforms-field-medium\" name=\"wpforms[fields][2]\" aria-errormessage=\"wpforms-2568-field_2-error\" ><\/textarea><\/div><div id=\"wpforms-2568-field_4-container\" class=\"wpforms-field wpforms-field-checkbox\" data-field-id=\"4\"><fieldset><legend class=\"wpforms-field-label\">Checkboxes <span class=\"wpforms-required-label\" aria-hidden=\"true\">*<\/span><\/legend><ul id=\"wpforms-2568-field_4\" class=\"wpforms-field-required\"><li class=\"choice-1 depth-1\"><input type=\"checkbox\" id=\"wpforms-2568-field_4_1\" name=\"wpforms[fields][4][]\" value=\"Aceito o uso dos meus dados ao abrigo do RGPD\" aria-errormessage=\"wpforms-2568-field_4_1-error\" required ><label class=\"wpforms-field-label-inline\" for=\"wpforms-2568-field_4_1\">Aceito o uso dos meus dados ao abrigo do RGPD<\/label><\/li><\/ul><\/fieldset><\/div><\/div><!-- .wpforms-field-container --><div class=\"wpforms-submit-container\" ><input type=\"hidden\" name=\"wpforms[id]\" value=\"2568\"><input type=\"hidden\" name=\"page_title\" value=\"\"><input type=\"hidden\" name=\"page_url\" value=\"https:\/\/timelessminute.pt\/index.php\/wp-json\/wp\/v2\/pages\/56\"><input type=\"hidden\" name=\"url_referer\" value=\"\"><button type=\"submit\" name=\"wpforms[submit]\" id=\"wpforms-submit-2568\" class=\"wpforms-submit\" data-alt-text=\"contacto@timelessminute.pt\" data-submit-text=\"enviar\" aria-live=\"assertive\" value=\"wpforms-submit\">enviar<\/button><img loading=\"lazy\" decoding=\"async\" src=\"https:\/\/timelessminute.pt\/wp-content\/plugins\/wpforms-lite\/assets\/images\/submit-spin.svg\" class=\"wpforms-submit-spinner\" style=\"display: none;\" width=\"26\" height=\"26\" alt=\"Loading\"><\/div><\/form><\/div>  <!-- .wpforms-container -->\t\t\t\t<\/div>\n\t\t\t\t<\/div>\n\t\t\t\t<\/div>\n\t\t\t\t<\/div>\n\t\t","protected":false},"excerpt":{"rendered":"<p>O QUE NOS UNE \u00c9 INTEMPORAL Oferecemos um servi\u00e7o por medida e uma an\u00e1lise criteriosa dos perfis.\u00a0 \u00a0 Desde a consultoria \u00e0 sele\u00e7\u00e3o, recrutamento e coloca\u00e7\u00e3o de pessoal em projetos chave na m\u00e3o, oferecemos suporte em todas as etapas do processo. N\u00e3o importa o desafio, estamos prontos para dar respostas eficazes e fazer a diferen\u00e7a [&hellip;]<\/p>\n","protected":false},"author":1,"featured_media":0,"parent":0,"menu_order":0,"comment_status":"closed","ping_status":"closed","template":"elementor_header_footer","meta":{"footnotes":""},"class_list":["post-56","page","type-page","status-publish","hentry"],"aioseo_notices":[],"_links":{"self":[{"href":"https:\/\/timelessminute.pt\/index.php\/wp-json\/wp\/v2\/pages\/56","targetHints":{"allow":["GET"]}}],"collection":[{"href":"https:\/\/timelessminute.pt\/index.php\/wp-json\/wp\/v2\/pages"}],"about":[{"href":"https:\/\/timelessminute.pt\/index.php\/wp-json\/wp\/v2\/types\/page"}],"author":[{"embeddable":true,"href":"https:\/\/timelessminute.pt\/index.php\/wp-json\/wp\/v2\/users\/1"}],"replies":[{"embeddable":true,"href":"https:\/\/timelessminute.pt\/index.php\/wp-json\/wp\/v2\/comments?post=56"}],"version-history":[{"count":141,"href":"https:\/\/timelessminute.pt\/index.php\/wp-json\/wp\/v2\/pages\/56\/revisions"}],"predecessor-version":[{"id":2905,"href":"https:\/\/timelessminute.pt\/index.php\/wp-json\/wp\/v2\/pages\/56\/revisions\/2905"}],"wp:attachment":[{"href":"https:\/\/timelessminute.pt\/index.php\/wp-json\/wp\/v2\/media?parent=56"}],"curies":[{"name":"wp","href":"https:\/\/api.w.org\/{rel}","templated":true}]}}